{"id":151,"date":"2018-08-14T09:32:05","date_gmt":"2018-08-14T07:32:05","guid":{"rendered":"https:\/\/demo.themegrill.com\/zakra-cafe\/?page_id=151"},"modified":"2023-09-21T10:34:57","modified_gmt":"2023-09-21T08:34:57","slug":"kontakt","status":"publish","type":"page","link":"https:\/\/www.decowarsztat.pl\/?page_id=151","title":{"rendered":"Kontakt"},"content":{"rendered":"\t\t<div data-elementor-type=\"wp-post\" data-elementor-id=\"151\" class=\"elementor elementor-151\">\n\t\t\t\t\t\t<section class=\"elementor-section elementor-top-section elementor-element elementor-element-8ba21b8 elementor-section-boxed elementor-section-height-default elementor-section-height-default\" data-id=\"8ba21b8\" data-element_type=\"section\" data-e-type=\"section\">\n\t\t\t\t\t\t<div class=\"elementor-container elementor-column-gap-default\">\n\t\t\t\t\t<div class=\"elementor-column elementor-col-50 elementor-top-column elementor-element elementor-element-ce4e254\" data-id=\"ce4e254\" data-element_type=\"column\" data-e-type=\"column\">\n\t\t\t<div class=\"elementor-widget-wrap elementor-element-populated\">\n\t\t\t\t\t\t<div class=\"elementor-element elementor-element-7325019 elementor-widget elementor-widget-text-editor\" data-id=\"7325019\" data-element_type=\"widget\" data-e-type=\"widget\" data-widget_type=\"text-editor.default\">\n\t\t\t\t<div class=\"elementor-widget-container\">\n\t\t\t\t\t\t\t\t\t<p><strong>DecoWarsztat Michalina Litwin<\/strong><\/p><p>tel. 782 522 201<br \/>e-mail: kontakt@decowarsztat.pl<\/p><p>76-230 Pot\u0119gowo<br \/>Nowe Sk\u00f3rowo 9D<\/p><p>Numer NIP &#8211; 8411611502<\/p>\t\t\t\t\t\t\t\t<\/div>\n\t\t\t\t<\/div>\n\t\t\t\t\t<\/div>\n\t\t<\/div>\n\t\t\t\t<div class=\"elementor-column elementor-col-50 elementor-top-column elementor-element elementor-element-a12ed37\" data-id=\"a12ed37\" data-element_type=\"column\" data-e-type=\"column\">\n\t\t\t<div class=\"elementor-widget-wrap elementor-element-populated\">\n\t\t\t\t\t\t<div class=\"elementor-element elementor-element-b5f140c elementor-widget elementor-widget-text-editor\" data-id=\"b5f140c\" data-element_type=\"widget\" data-e-type=\"widget\" data-widget_type=\"text-editor.default\">\n\t\t\t\t<div class=\"elementor-widget-container\">\n\t\t\t\t\t\t\t\t\t<p>Dekoracje sal prosz\u0119 zamawia\u0107 <br>przynajmniej z miesi\u0119cznym wyprzedzeniem.<\/p>\n<p>Giftboxy, piniaty oraz upominki <br>prosz\u0119 zamawia\u0107 przynajmniej dwa tygodnie wcze\u015bniej.<\/p>\t\t\t\t\t\t\t\t<\/div>\n\t\t\t\t<\/div>\n\t\t\t\t\t<\/div>\n\t\t<\/div>\n\t\t\t\t\t<\/div>\n\t\t<\/section>\n\t\t\t\t<section class=\"elementor-section elementor-top-section elementor-element elementor-element-386c134e elementor-section-boxed elementor-section-height-default elementor-section-height-default\" data-id=\"386c134e\" data-element_type=\"section\" data-e-type=\"section\">\n\t\t\t\t\t\t<div class=\"elementor-container elementor-column-gap-default\">\n\t\t\t\t\t<div class=\"elementor-column elementor-col-100 elementor-top-column elementor-element elementor-element-3c1f5b37\" data-id=\"3c1f5b37\" data-element_type=\"column\" data-e-type=\"column\">\n\t\t\t<div class=\"elementor-widget-wrap elementor-element-populated\">\n\t\t\t\t\t\t<div class=\"elementor-element elementor-element-65b5c823 elementor-widget elementor-widget-spacer\" data-id=\"65b5c823\" data-element_type=\"widget\" data-e-type=\"widget\" data-widget_type=\"spacer.default\">\n\t\t\t\t<div class=\"elementor-widget-container\">\n\t\t\t\t\t\t\t<div class=\"elementor-spacer\">\n\t\t\t<div class=\"elementor-spacer-inner\"><\/div>\n\t\t<\/div>\n\t\t\t\t\t\t<\/div>\n\t\t\t\t<\/div>\n\t\t\t\t\t<\/div>\n\t\t<\/div>\n\t\t\t\t\t<\/div>\n\t\t<\/section>\n\t\t\t\t<\/div>\n\t\t","protected":false},"excerpt":{"rendered":"<p>DecoWarsztat Michalina Litwin tel. 782 522 201e-mail: kontakt@decowarsztat.pl 76-230 Pot\u0119gowoNowe Sk\u00f3rowo 9D Numer NIP &#8211; 8411611502 Dekoracje sal prosz\u0119 zamawia\u0107 przynajmniej z miesi\u0119cznym wyprzedzeniem. Giftboxy, piniaty oraz upominki prosz\u0119 zamawia\u0107 przynajmniej dwa tygodnie wcze\u015bniej.<\/p>\n","protected":false},"author":1,"featured_media":0,"parent":0,"menu_order":0,"comment_status":"closed","ping_status":"closed","template":"elementor_header_footer","meta":{"zakra_page_container_layout":"customizer","zakra_page_sidebar_layout":"customizer","zakra_remove_content_margin":false,"zakra_sidebar":"customizer","zakra_transparent_header":"0","zakra_logo":0,"zakra_main_header_style":"default","zakra_menu_item_color":"","zakra_menu_item_hover_color":"","zakra_menu_item_active_color":"","zakra_menu_active_style":"","zakra_page_header":true,"footnotes":""},"class_list":["post-151","page","type-page","status-publish","hentry"],"_links":{"self":[{"href":"https:\/\/www.decowarsztat.pl\/index.php?rest_route=\/wp\/v2\/pages\/151","targetHints":{"allow":["GET"]}}],"collection":[{"href":"https:\/\/www.decowarsztat.pl\/index.php?rest_route=\/wp\/v2\/pages"}],"about":[{"href":"https:\/\/www.decowarsztat.pl\/index.php?rest_route=\/wp\/v2\/types\/page"}],"author":[{"embeddable":true,"href":"https:\/\/www.decowarsztat.pl\/index.php?rest_route=\/wp\/v2\/users\/1"}],"replies":[{"embeddable":true,"href":"https:\/\/www.decowarsztat.pl\/index.php?rest_route=%2Fwp%2Fv2%2Fcomments&post=151"}],"version-history":[{"count":13,"href":"https:\/\/www.decowarsztat.pl\/index.php?rest_route=\/wp\/v2\/pages\/151\/revisions"}],"predecessor-version":[{"id":510,"href":"https:\/\/www.decowarsztat.pl\/index.php?rest_route=\/wp\/v2\/pages\/151\/revisions\/510"}],"wp:attachment":[{"href":"https:\/\/www.decowarsztat.pl\/index.php?rest_route=%2Fwp%2Fv2%2Fmedia&parent=151"}],"curies":[{"name":"wp","href":"https:\/\/api.w.org\/{rel}","templated":true}]}}